{"id":626,"date":"2025-10-05T15:43:54","date_gmt":"2025-10-05T15:43:54","guid":{"rendered":"https:\/\/arsarte.pl\/?page_id=626"},"modified":"2025-10-05T16:57:53","modified_gmt":"2025-10-05T16:57:53","slug":"pierwsza-komunia-swieta","status":"publish","type":"page","link":"https:\/\/arsarte.pl\/index.php\/pierwsza-komunia-swieta\/","title":{"rendered":"PIERWSZA KOMUNIA \u015aWI\u0118TA"},"content":{"rendered":"\n<figure class=\"wp-block-gallery has-nested-images columns-default is-cropped wp-block-gallery-1 is-layout-flex wp-block-gallery-is-layout-flex\">\n<figure class=\"wp-block-image size-large\"><img data-recalc-dims=\"1\" loading=\"lazy\" decoding=\"async\" width=\"1024\" height=\"1024\" data-attachment-id=\"631\" data-permalink=\"https:\/\/arsarte.pl\/index.php\/pierwsza-komunia-swieta\/1-2\/\" data-orig-file=\"https:\/\/i0.wp.com\/arsarte.pl\/wp-content\/uploads\/2025\/10\/1.png?fit=1024%2C1024&amp;ssl=1\" data-orig-size=\"1024,1024\" data-comments-opened=\"0\" data-image-meta=\"{&quot;aperture&quot;:&quot;0&quot;,&quot;credit&quot;:&quot;&quot;,&quot;camera&quot;:&quot;&quot;,&quot;caption&quot;:&quot;&quot;,&quot;created_timestamp&quot;:&quot;0&quot;,&quot;copyright&quot;:&quot;&quot;,&quot;focal_length&quot;:&quot;0&quot;,&quot;iso&quot;:&quot;0&quot;,&quot;shutter_speed&quot;:&quot;0&quot;,&quot;title&quot;:&quot;&quot;,&quot;orientation&quot;:&quot;0&quot;}\" data-image-title=\"1\" data-image-description=\"\" data-image-caption=\"\" data-large-file=\"https:\/\/i0.wp.com\/arsarte.pl\/wp-content\/uploads\/2025\/10\/1.png?fit=1024%2C1024&amp;ssl=1\" data-id=\"631\" src=\"https:\/\/i0.wp.com\/arsarte.pl\/wp-content\/uploads\/2025\/10\/1.png?resize=1024%2C1024&#038;ssl=1\" alt=\"\" class=\"wp-image-631\" srcset=\"https:\/\/i0.wp.com\/arsarte.pl\/wp-content\/uploads\/2025\/10\/1.png?w=1024&amp;ssl=1 1024w, https:\/\/i0.wp.com\/arsarte.pl\/wp-content\/uploads\/2025\/10\/1.png?resize=300%2C300&amp;ssl=1 300w, https:\/\/i0.wp.com\/arsarte.pl\/wp-content\/uploads\/2025\/10\/1.png?resize=150%2C150&amp;ssl=1 150w, https:\/\/i0.wp.com\/arsarte.pl\/wp-content\/uploads\/2025\/10\/1.png?resize=768%2C768&amp;ssl=1 768w\" sizes=\"auto, (max-width: 1024px) 100vw, 1024px\" \/><\/figure>\n<\/figure>\n\n\n\n<figure class=\"wp-block-gallery has-nested-images columns-default is-cropped wp-block-gallery-2 is-layout-flex wp-block-gallery-is-layout-flex\">\n<figure class=\"wp-block-image size-large\"><img data-recalc-dims=\"1\" loading=\"lazy\" decoding=\"async\" width=\"708\" height=\"1024\" data-attachment-id=\"600\" data-permalink=\"https:\/\/arsarte.pl\/index.php\/2025\/10\/02\/komunia-katalog-2026\/attachment\/1\/\" data-orig-file=\"https:\/\/i0.wp.com\/arsarte.pl\/wp-content\/uploads\/2025\/10\/1-scaled.jpg?fit=1769%2C2560&amp;ssl=1\" data-orig-size=\"1769,2560\" data-comments-opened=\"0\" data-image-meta=\"{&quot;aperture&quot;:&quot;1.4&quot;,&quot;credit&quot;:&quot;&quot;,&quot;camera&quot;:&quot;motorola edge 50 pro&quot;,&quot;caption&quot;:&quot;&quot;,&quot;created_timestamp&quot;:&quot;1759415868&quot;,&quot;copyright&quot;:&quot;&quot;,&quot;focal_length&quot;:&quot;5.895&quot;,&quot;iso&quot;:&quot;441&quot;,&quot;shutter_speed&quot;:&quot;0.008333333&quot;,&quot;title&quot;:&quot;&quot;,&quot;orientation&quot;:&quot;1&quot;}\" data-image-title=\"1\" data-image-description=\"\" data-image-caption=\"\" data-large-file=\"https:\/\/i0.wp.com\/arsarte.pl\/wp-content\/uploads\/2025\/10\/1-scaled.jpg?fit=708%2C1024&amp;ssl=1\" data-id=\"600\" src=\"https:\/\/i0.wp.com\/arsarte.pl\/wp-content\/uploads\/2025\/10\/1-708x1024.jpg?resize=708%2C1024&#038;ssl=1\" alt=\"\" class=\"wp-image-600\" srcset=\"https:\/\/i0.wp.com\/arsarte.pl\/wp-content\/uploads\/2025\/10\/1-scaled.jpg?resize=708%2C1024&amp;ssl=1 708w, https:\/\/i0.wp.com\/arsarte.pl\/wp-content\/uploads\/2025\/10\/1-scaled.jpg?resize=207%2C300&amp;ssl=1 207w, https:\/\/i0.wp.com\/arsarte.pl\/wp-content\/uploads\/2025\/10\/1-scaled.jpg?resize=768%2C1111&amp;ssl=1 768w, https:\/\/i0.wp.com\/arsarte.pl\/wp-content\/uploads\/2025\/10\/1-scaled.jpg?resize=1062%2C1536&amp;ssl=1 1062w, https:\/\/i0.wp.com\/arsarte.pl\/wp-content\/uploads\/2025\/10\/1-scaled.jpg?resize=1415%2C2048&amp;ssl=1 1415w, https:\/\/i0.wp.com\/arsarte.pl\/wp-content\/uploads\/2025\/10\/1-scaled.jpg?resize=415%2C600&amp;ssl=1 415w, https:\/\/i0.wp.com\/arsarte.pl\/wp-content\/uploads\/2025\/10\/1-scaled.jpg?resize=111%2C160&amp;ssl=1 111w, https:\/\/i0.wp.com\/arsarte.pl\/wp-content\/uploads\/2025\/10\/1-scaled.jpg?w=1769&amp;ssl=1 1769w\" sizes=\"auto, (max-width: 708px) 100vw, 708px\" \/><\/figure>\n\n\n\n<figure class=\"wp-block-image size-large\"><img data-recalc-dims=\"1\" loading=\"lazy\" decoding=\"async\" width=\"1024\" height=\"723\" data-attachment-id=\"601\" data-permalink=\"https:\/\/arsarte.pl\/index.php\/2025\/10\/02\/komunia-katalog-2026\/attachment\/2\/\" data-orig-file=\"https:\/\/i0.wp.com\/arsarte.pl\/wp-content\/uploads\/2025\/10\/2-scaled.jpg?fit=2560%2C1807&amp;ssl=1\" data-orig-size=\"2560,1807\" data-comments-opened=\"0\" data-image-meta=\"{&quot;aperture&quot;:&quot;1.4&quot;,&quot;credit&quot;:&quot;&quot;,&quot;camera&quot;:&quot;motorola edge 50 pro&quot;,&quot;caption&quot;:&quot;&quot;,&quot;created_timestamp&quot;:&quot;1759416019&quot;,&quot;copyright&quot;:&quot;&quot;,&quot;focal_length&quot;:&quot;5.895&quot;,&quot;iso&quot;:&quot;513&quot;,&quot;shutter_speed&quot;:&quot;0.008333333&quot;,&quot;title&quot;:&quot;&quot;,&quot;orientation&quot;:&quot;1&quot;}\" data-image-title=\"2\" data-image-description=\"\" data-image-caption=\"\" data-large-file=\"https:\/\/i0.wp.com\/arsarte.pl\/wp-content\/uploads\/2025\/10\/2-scaled.jpg?fit=1024%2C723&amp;ssl=1\" data-id=\"601\" src=\"https:\/\/i0.wp.com\/arsarte.pl\/wp-content\/uploads\/2025\/10\/2-1024x723.jpg?resize=1024%2C723&#038;ssl=1\" alt=\"\" class=\"wp-image-601\" srcset=\"https:\/\/i0.wp.com\/arsarte.pl\/wp-content\/uploads\/2025\/10\/2-scaled.jpg?resize=1024%2C723&amp;ssl=1 1024w, https:\/\/i0.wp.com\/arsarte.pl\/wp-content\/uploads\/2025\/10\/2-scaled.jpg?resize=300%2C212&amp;ssl=1 300w, https:\/\/i0.wp.com\/arsarte.pl\/wp-content\/uploads\/2025\/10\/2-scaled.jpg?resize=768%2C542&amp;ssl=1 768w, https:\/\/i0.wp.com\/arsarte.pl\/wp-content\/uploads\/2025\/10\/2-scaled.jpg?resize=1536%2C1084&amp;ssl=1 1536w, https:\/\/i0.wp.com\/arsarte.pl\/wp-content\/uploads\/2025\/10\/2-scaled.jpg?resize=2048%2C1446&amp;ssl=1 2048w, https:\/\/i0.wp.com\/arsarte.pl\/wp-content\/uploads\/2025\/10\/2-scaled.jpg?resize=600%2C424&amp;ssl=1 600w, https:\/\/i0.wp.com\/arsarte.pl\/wp-content\/uploads\/2025\/10\/2-scaled.jpg?resize=227%2C160&amp;ssl=1 227w, https:\/\/i0.wp.com\/arsarte.pl\/wp-content\/uploads\/2025\/10\/2-scaled.jpg?w=2280 2280w\" sizes=\"auto, (max-width: 1024px) 100vw, 1024px\" \/><\/figure>\n\n\n\n<figure class=\"wp-block-image size-large\"><img data-recalc-dims=\"1\" loading=\"lazy\" decoding=\"async\" width=\"1024\" height=\"722\" data-attachment-id=\"602\" data-permalink=\"https:\/\/arsarte.pl\/index.php\/2025\/10\/02\/komunia-katalog-2026\/attachment\/3\/\" data-orig-file=\"https:\/\/i0.wp.com\/arsarte.pl\/wp-content\/uploads\/2025\/10\/3-scaled.jpg?fit=2560%2C1805&amp;ssl=1\" data-orig-size=\"2560,1805\" data-comments-opened=\"0\" data-image-meta=\"{&quot;aperture&quot;:&quot;1.4&quot;,&quot;credit&quot;:&quot;&quot;,&quot;camera&quot;:&quot;motorola edge 50 pro&quot;,&quot;caption&quot;:&quot;&quot;,&quot;created_timestamp&quot;:&quot;1759416104&quot;,&quot;copyright&quot;:&quot;&quot;,&quot;focal_length&quot;:&quot;5.895&quot;,&quot;iso&quot;:&quot;441&quot;,&quot;shutter_speed&quot;:&quot;0.008333333&quot;,&quot;title&quot;:&quot;&quot;,&quot;orientation&quot;:&quot;1&quot;}\" data-image-title=\"3\" data-image-description=\"\" data-image-caption=\"\" data-large-file=\"https:\/\/i0.wp.com\/arsarte.pl\/wp-content\/uploads\/2025\/10\/3-scaled.jpg?fit=1024%2C722&amp;ssl=1\" data-id=\"602\" src=\"https:\/\/i0.wp.com\/arsarte.pl\/wp-content\/uploads\/2025\/10\/3-1024x722.jpg?resize=1024%2C722&#038;ssl=1\" alt=\"\" class=\"wp-image-602\" srcset=\"https:\/\/i0.wp.com\/arsarte.pl\/wp-content\/uploads\/2025\/10\/3-scaled.jpg?resize=1024%2C722&amp;ssl=1 1024w, https:\/\/i0.wp.com\/arsarte.pl\/wp-content\/uploads\/2025\/10\/3-scaled.jpg?resize=300%2C212&amp;ssl=1 300w, https:\/\/i0.wp.com\/arsarte.pl\/wp-content\/uploads\/2025\/10\/3-scaled.jpg?resize=768%2C541&amp;ssl=1 768w, https:\/\/i0.wp.com\/arsarte.pl\/wp-content\/uploads\/2025\/10\/3-scaled.jpg?resize=1536%2C1083&amp;ssl=1 1536w, https:\/\/i0.wp.com\/arsarte.pl\/wp-content\/uploads\/2025\/10\/3-scaled.jpg?resize=2048%2C1444&amp;ssl=1 2048w, https:\/\/i0.wp.com\/arsarte.pl\/wp-content\/uploads\/2025\/10\/3-scaled.jpg?resize=600%2C423&amp;ssl=1 600w, https:\/\/i0.wp.com\/arsarte.pl\/wp-content\/uploads\/2025\/10\/3-scaled.jpg?resize=227%2C160&amp;ssl=1 227w, https:\/\/i0.wp.com\/arsarte.pl\/wp-content\/uploads\/2025\/10\/3-scaled.jpg?w=2280 2280w\" sizes=\"auto, (max-width: 1024px) 100vw, 1024px\" \/><\/figure>\n\n\n\n<figure class=\"wp-block-image size-large\"><img data-recalc-dims=\"1\" loading=\"lazy\" decoding=\"async\" width=\"1024\" height=\"757\" data-attachment-id=\"603\" data-permalink=\"https:\/\/arsarte.pl\/index.php\/2025\/10\/02\/komunia-katalog-2026\/4-2\/\" data-orig-file=\"https:\/\/i0.wp.com\/arsarte.pl\/wp-content\/uploads\/2025\/10\/4-scaled.jpg?fit=2560%2C1892&amp;ssl=1\" data-orig-size=\"2560,1892\" data-comments-opened=\"0\" data-image-meta=\"{&quot;aperture&quot;:&quot;1.4&quot;,&quot;credit&quot;:&quot;&quot;,&quot;camera&quot;:&quot;motorola edge 50 pro&quot;,&quot;caption&quot;:&quot;&quot;,&quot;created_timestamp&quot;:&quot;1759416145&quot;,&quot;copyright&quot;:&quot;&quot;,&quot;focal_length&quot;:&quot;5.895&quot;,&quot;iso&quot;:&quot;388&quot;,&quot;shutter_speed&quot;:&quot;0.008333333&quot;,&quot;title&quot;:&quot;&quot;,&quot;orientation&quot;:&quot;1&quot;}\" data-image-title=\"4\" data-image-description=\"\" data-image-caption=\"\" data-large-file=\"https:\/\/i0.wp.com\/arsarte.pl\/wp-content\/uploads\/2025\/10\/4-scaled.jpg?fit=1024%2C757&amp;ssl=1\" data-id=\"603\" src=\"https:\/\/i0.wp.com\/arsarte.pl\/wp-content\/uploads\/2025\/10\/4-1024x757.jpg?resize=1024%2C757&#038;ssl=1\" alt=\"\" class=\"wp-image-603\" srcset=\"https:\/\/i0.wp.com\/arsarte.pl\/wp-content\/uploads\/2025\/10\/4-scaled.jpg?resize=1024%2C757&amp;ssl=1 1024w, https:\/\/i0.wp.com\/arsarte.pl\/wp-content\/uploads\/2025\/10\/4-scaled.jpg?resize=300%2C222&amp;ssl=1 300w, https:\/\/i0.wp.com\/arsarte.pl\/wp-content\/uploads\/2025\/10\/4-scaled.jpg?resize=768%2C568&amp;ssl=1 768w, https:\/\/i0.wp.com\/arsarte.pl\/wp-content\/uploads\/2025\/10\/4-scaled.jpg?resize=1536%2C1135&amp;ssl=1 1536w, https:\/\/i0.wp.com\/arsarte.pl\/wp-content\/uploads\/2025\/10\/4-scaled.jpg?resize=2048%2C1514&amp;ssl=1 2048w, https:\/\/i0.wp.com\/arsarte.pl\/wp-content\/uploads\/2025\/10\/4-scaled.jpg?resize=600%2C443&amp;ssl=1 600w, https:\/\/i0.wp.com\/arsarte.pl\/wp-content\/uploads\/2025\/10\/4-scaled.jpg?resize=216%2C160&amp;ssl=1 216w, https:\/\/i0.wp.com\/arsarte.pl\/wp-content\/uploads\/2025\/10\/4-scaled.jpg?w=2280 2280w\" sizes=\"auto, (max-width: 1024px) 100vw, 1024px\" \/><\/figure>\n\n\n\n<figure class=\"wp-block-image size-large\"><img data-recalc-dims=\"1\" loading=\"lazy\" decoding=\"async\" width=\"1024\" height=\"709\" data-attachment-id=\"604\" data-permalink=\"https:\/\/arsarte.pl\/index.php\/2025\/10\/02\/komunia-katalog-2026\/attachment\/5\/\" data-orig-file=\"https:\/\/i0.wp.com\/arsarte.pl\/wp-content\/uploads\/2025\/10\/5-scaled.jpg?fit=2560%2C1773&amp;ssl=1\" data-orig-size=\"2560,1773\" data-comments-opened=\"0\" data-image-meta=\"{&quot;aperture&quot;:&quot;1.4&quot;,&quot;credit&quot;:&quot;&quot;,&quot;camera&quot;:&quot;motorola edge 50 pro&quot;,&quot;caption&quot;:&quot;&quot;,&quot;created_timestamp&quot;:&quot;1759416397&quot;,&quot;copyright&quot;:&quot;&quot;,&quot;focal_length&quot;:&quot;5.895&quot;,&quot;iso&quot;:&quot;167&quot;,&quot;shutter_speed&quot;:&quot;0.008333333&quot;,&quot;title&quot;:&quot;&quot;,&quot;orientation&quot;:&quot;1&quot;}\" data-image-title=\"5\" data-image-description=\"\" data-image-caption=\"\" data-large-file=\"https:\/\/i0.wp.com\/arsarte.pl\/wp-content\/uploads\/2025\/10\/5-scaled.jpg?fit=1024%2C709&amp;ssl=1\" data-id=\"604\" src=\"https:\/\/i0.wp.com\/arsarte.pl\/wp-content\/uploads\/2025\/10\/5-1024x709.jpg?resize=1024%2C709&#038;ssl=1\" alt=\"\" class=\"wp-image-604\" srcset=\"https:\/\/i0.wp.com\/arsarte.pl\/wp-content\/uploads\/2025\/10\/5-scaled.jpg?resize=1024%2C709&amp;ssl=1 1024w, https:\/\/i0.wp.com\/arsarte.pl\/wp-content\/uploads\/2025\/10\/5-scaled.jpg?resize=300%2C208&amp;ssl=1 300w, https:\/\/i0.wp.com\/arsarte.pl\/wp-content\/uploads\/2025\/10\/5-scaled.jpg?resize=768%2C532&amp;ssl=1 768w, https:\/\/i0.wp.com\/arsarte.pl\/wp-content\/uploads\/2025\/10\/5-scaled.jpg?resize=1536%2C1064&amp;ssl=1 1536w, https:\/\/i0.wp.com\/arsarte.pl\/wp-content\/uploads\/2025\/10\/5-scaled.jpg?resize=2048%2C1419&amp;ssl=1 2048w, https:\/\/i0.wp.com\/arsarte.pl\/wp-content\/uploads\/2025\/10\/5-scaled.jpg?resize=600%2C416&amp;ssl=1 600w, https:\/\/i0.wp.com\/arsarte.pl\/wp-content\/uploads\/2025\/10\/5-scaled.jpg?resize=231%2C160&amp;ssl=1 231w, https:\/\/i0.wp.com\/arsarte.pl\/wp-content\/uploads\/2025\/10\/5-scaled.jpg?w=2280 2280w\" sizes=\"auto, (max-width: 1024px) 100vw, 1024px\" \/><\/figure>\n\n\n\n<figure class=\"wp-block-image size-large\"><img data-recalc-dims=\"1\" loading=\"lazy\" decoding=\"async\" width=\"1024\" height=\"721\" data-attachment-id=\"605\" data-permalink=\"https:\/\/arsarte.pl\/index.php\/2025\/10\/02\/komunia-katalog-2026\/attachment\/6\/\" data-orig-file=\"https:\/\/i0.wp.com\/arsarte.pl\/wp-content\/uploads\/2025\/10\/6-scaled.jpg?fit=2560%2C1804&amp;ssl=1\" data-orig-size=\"2560,1804\" data-comments-opened=\"0\" data-image-meta=\"{&quot;aperture&quot;:&quot;1.4&quot;,&quot;credit&quot;:&quot;&quot;,&quot;camera&quot;:&quot;motorola edge 50 pro&quot;,&quot;caption&quot;:&quot;&quot;,&quot;created_timestamp&quot;:&quot;1759416453&quot;,&quot;copyright&quot;:&quot;&quot;,&quot;focal_length&quot;:&quot;5.895&quot;,&quot;iso&quot;:&quot;202&quot;,&quot;shutter_speed&quot;:&quot;0.008333333&quot;,&quot;title&quot;:&quot;&quot;,&quot;orientation&quot;:&quot;1&quot;}\" data-image-title=\"6\" data-image-description=\"\" data-image-caption=\"\" data-large-file=\"https:\/\/i0.wp.com\/arsarte.pl\/wp-content\/uploads\/2025\/10\/6-scaled.jpg?fit=1024%2C721&amp;ssl=1\" data-id=\"605\" src=\"https:\/\/i0.wp.com\/arsarte.pl\/wp-content\/uploads\/2025\/10\/6-1024x721.jpg?resize=1024%2C721&#038;ssl=1\" alt=\"\" class=\"wp-image-605\" srcset=\"https:\/\/i0.wp.com\/arsarte.pl\/wp-content\/uploads\/2025\/10\/6-scaled.jpg?resize=1024%2C721&amp;ssl=1 1024w, https:\/\/i0.wp.com\/arsarte.pl\/wp-content\/uploads\/2025\/10\/6-scaled.jpg?resize=300%2C211&amp;ssl=1 300w, https:\/\/i0.wp.com\/arsarte.pl\/wp-content\/uploads\/2025\/10\/6-scaled.jpg?resize=768%2C541&amp;ssl=1 768w, https:\/\/i0.wp.com\/arsarte.pl\/wp-content\/uploads\/2025\/10\/6-scaled.jpg?resize=1536%2C1082&amp;ssl=1 1536w, https:\/\/i0.wp.com\/arsarte.pl\/wp-content\/uploads\/2025\/10\/6-scaled.jpg?resize=2048%2C1443&amp;ssl=1 2048w, https:\/\/i0.wp.com\/arsarte.pl\/wp-content\/uploads\/2025\/10\/6-scaled.jpg?resize=600%2C423&amp;ssl=1 600w, https:\/\/i0.wp.com\/arsarte.pl\/wp-content\/uploads\/2025\/10\/6-scaled.jpg?resize=227%2C160&amp;ssl=1 227w, https:\/\/i0.wp.com\/arsarte.pl\/wp-content\/uploads\/2025\/10\/6-scaled.jpg?w=2280 2280w\" sizes=\"auto, (max-width: 1024px) 100vw, 1024px\" \/><\/figure>\n<\/figure>\n","protected":false},"excerpt":{"rendered":"","protected":false},"author":1,"featured_media":0,"parent":0,"menu_order":0,"comment_status":"closed","ping_status":"closed","template":"","meta":{"jetpack_post_was_ever_published":false,"footnotes":""},"class_list":["post-626","page","type-page","status-publish","hentry"],"yoast_head":"<!-- This site is optimized with the Yoast SEO plugin v27.4 - https:\/\/yoast.com\/product\/yoast-seo-wordpress\/ -->\n<title>PIERWSZA KOMUNIA \u015aWI\u0118TA - ARS ARTE<\/title>\n<meta name=\"description\" content=\"Ars Arte \u2013 alby i sukienki komunijne szyte na miar\u0119 w Jeleniej G\u00f3rze. Obs\u0142uga Ca\u0142ych Grup, wianki, \u015bwiece i wszystkie dodatki do Pierwszej Komunii \u015awi\u0119tej.\" \/>\n<meta name=\"robots\" content=\"index, follow, max-snippet:-1, max-image-preview:large, max-video-preview:-1\" \/>\n<link rel=\"canonical\" href=\"https:\/\/arsarte.pl\/index.php\/pierwsza-komunia-swieta\/\" \/>\n<meta property=\"og:locale\" content=\"pl_PL\" \/>\n<meta property=\"og:type\" content=\"article\" \/>\n<meta property=\"og:title\" content=\"PIERWSZA KOMUNIA \u015aWI\u0118TA - ARS ARTE\" \/>\n<meta property=\"og:description\" content=\"Ars Arte \u2013 alby i sukienki komunijne szyte na miar\u0119 w Jeleniej G\u00f3rze. Obs\u0142uga Ca\u0142ych Grup, wianki, \u015bwiece i wszystkie dodatki do Pierwszej Komunii \u015awi\u0119tej.\" \/>\n<meta property=\"og:url\" content=\"https:\/\/arsarte.pl\/index.php\/pierwsza-komunia-swieta\/\" \/>\n<meta property=\"og:site_name\" content=\"ARS ARTE\" \/>\n<meta property=\"article:modified_time\" content=\"2025-10-05T16:57:53+00:00\" \/>\n<meta property=\"og:image\" content=\"https:\/\/arsarte.pl\/wp-content\/uploads\/2025\/10\/1.png\" \/>\n<meta name=\"twitter:card\" content=\"summary_large_image\" \/>\n<meta name=\"twitter:label1\" content=\"Szacowany czas czytania\" \/>\n\t<meta name=\"twitter:data1\" content=\"2 minuty\" \/>\n<script type=\"application\/ld+json\" class=\"yoast-schema-graph\">{\"@context\":\"https:\\\/\\\/schema.org\",\"@graph\":[{\"@type\":\"WebPage\",\"@id\":\"https:\\\/\\\/arsarte.pl\\\/index.php\\\/pierwsza-komunia-swieta\\\/\",\"url\":\"https:\\\/\\\/arsarte.pl\\\/index.php\\\/pierwsza-komunia-swieta\\\/\",\"name\":\"PIERWSZA KOMUNIA \u015aWI\u0118TA - ARS ARTE\",\"isPartOf\":{\"@id\":\"https:\\\/\\\/arsarte.pl\\\/#website\"},\"primaryImageOfPage\":{\"@id\":\"https:\\\/\\\/arsarte.pl\\\/index.php\\\/pierwsza-komunia-swieta\\\/#primaryimage\"},\"image\":{\"@id\":\"https:\\\/\\\/arsarte.pl\\\/index.php\\\/pierwsza-komunia-swieta\\\/#primaryimage\"},\"thumbnailUrl\":\"https:\\\/\\\/arsarte.pl\\\/wp-content\\\/uploads\\\/2025\\\/10\\\/1.png\",\"datePublished\":\"2025-10-05T15:43:54+00:00\",\"dateModified\":\"2025-10-05T16:57:53+00:00\",\"description\":\"Ars Arte \u2013 alby i sukienki komunijne szyte na miar\u0119 w Jeleniej G\u00f3rze. Obs\u0142uga Ca\u0142ych Grup, wianki, \u015bwiece i wszystkie dodatki do Pierwszej Komunii \u015awi\u0119tej.\",\"breadcrumb\":{\"@id\":\"https:\\\/\\\/arsarte.pl\\\/index.php\\\/pierwsza-komunia-swieta\\\/#breadcrumb\"},\"inLanguage\":\"pl-PL\",\"potentialAction\":[{\"@type\":\"ReadAction\",\"target\":[\"https:\\\/\\\/arsarte.pl\\\/index.php\\\/pierwsza-komunia-swieta\\\/\"]}]},{\"@type\":\"ImageObject\",\"inLanguage\":\"pl-PL\",\"@id\":\"https:\\\/\\\/arsarte.pl\\\/index.php\\\/pierwsza-komunia-swieta\\\/#primaryimage\",\"url\":\"https:\\\/\\\/i0.wp.com\\\/arsarte.pl\\\/wp-content\\\/uploads\\\/2025\\\/10\\\/1.png?fit=1024%2C1024&ssl=1\",\"contentUrl\":\"https:\\\/\\\/i0.wp.com\\\/arsarte.pl\\\/wp-content\\\/uploads\\\/2025\\\/10\\\/1.png?fit=1024%2C1024&ssl=1\",\"width\":1024,\"height\":1024},{\"@type\":\"BreadcrumbList\",\"@id\":\"https:\\\/\\\/arsarte.pl\\\/index.php\\\/pierwsza-komunia-swieta\\\/#breadcrumb\",\"itemListElement\":[{\"@type\":\"ListItem\",\"position\":1,\"name\":\"Strona g\u0142\u00f3wna\",\"item\":\"https:\\\/\\\/arsarte.pl\\\/\"},{\"@type\":\"ListItem\",\"position\":2,\"name\":\"PIERWSZA KOMUNIA \u015aWI\u0118TA\"}]},{\"@type\":\"WebSite\",\"@id\":\"https:\\\/\\\/arsarte.pl\\\/#website\",\"url\":\"https:\\\/\\\/arsarte.pl\\\/\",\"name\":\"ARS ARTE\",\"description\":\"Sklep Dewocjonalia Pami\u0105tki Jelenia G\u00f3ra\",\"publisher\":{\"@id\":\"https:\\\/\\\/arsarte.pl\\\/#organization\"},\"potentialAction\":[{\"@type\":\"SearchAction\",\"target\":{\"@type\":\"EntryPoint\",\"urlTemplate\":\"https:\\\/\\\/arsarte.pl\\\/?s={search_term_string}\"},\"query-input\":{\"@type\":\"PropertyValueSpecification\",\"valueRequired\":true,\"valueName\":\"search_term_string\"}}],\"inLanguage\":\"pl-PL\"},{\"@type\":\"Organization\",\"@id\":\"https:\\\/\\\/arsarte.pl\\\/#organization\",\"name\":\"SKLEP ARS ARTE\",\"url\":\"https:\\\/\\\/arsarte.pl\\\/\",\"logo\":{\"@type\":\"ImageObject\",\"inLanguage\":\"pl-PL\",\"@id\":\"https:\\\/\\\/arsarte.pl\\\/#\\\/schema\\\/logo\\\/image\\\/\",\"url\":\"https:\\\/\\\/i0.wp.com\\\/arsarte.pl\\\/wp-content\\\/uploads\\\/2021\\\/11\\\/4-scaled-e1638294691986.jpg?fit=2560%2C1068&ssl=1\",\"contentUrl\":\"https:\\\/\\\/i0.wp.com\\\/arsarte.pl\\\/wp-content\\\/uploads\\\/2021\\\/11\\\/4-scaled-e1638294691986.jpg?fit=2560%2C1068&ssl=1\",\"width\":2560,\"height\":1068,\"caption\":\"SKLEP ARS ARTE\"},\"image\":{\"@id\":\"https:\\\/\\\/arsarte.pl\\\/#\\\/schema\\\/logo\\\/image\\\/\"}}]}<\/script>\n<!-- \/ Yoast SEO plugin. -->","yoast_head_json":{"title":"PIERWSZA KOMUNIA \u015aWI\u0118TA - ARS ARTE","description":"Ars Arte \u2013 alby i sukienki komunijne szyte na miar\u0119 w Jeleniej G\u00f3rze. Obs\u0142uga Ca\u0142ych Grup, wianki, \u015bwiece i wszystkie dodatki do Pierwszej Komunii \u015awi\u0119tej.","robots":{"index":"index","follow":"follow","max-snippet":"max-snippet:-1","max-image-preview":"max-image-preview:large","max-video-preview":"max-video-preview:-1"},"canonical":"https:\/\/arsarte.pl\/index.php\/pierwsza-komunia-swieta\/","og_locale":"pl_PL","og_type":"article","og_title":"PIERWSZA KOMUNIA \u015aWI\u0118TA - ARS ARTE","og_description":"Ars Arte \u2013 alby i sukienki komunijne szyte na miar\u0119 w Jeleniej G\u00f3rze. Obs\u0142uga Ca\u0142ych Grup, wianki, \u015bwiece i wszystkie dodatki do Pierwszej Komunii \u015awi\u0119tej.","og_url":"https:\/\/arsarte.pl\/index.php\/pierwsza-komunia-swieta\/","og_site_name":"ARS ARTE","article_modified_time":"2025-10-05T16:57:53+00:00","og_image":[{"url":"https:\/\/arsarte.pl\/wp-content\/uploads\/2025\/10\/1.png","type":"","width":"","height":""}],"twitter_card":"summary_large_image","twitter_misc":{"Szacowany czas czytania":"2 minuty"},"schema":{"@context":"https:\/\/schema.org","@graph":[{"@type":"WebPage","@id":"https:\/\/arsarte.pl\/index.php\/pierwsza-komunia-swieta\/","url":"https:\/\/arsarte.pl\/index.php\/pierwsza-komunia-swieta\/","name":"PIERWSZA KOMUNIA \u015aWI\u0118TA - ARS ARTE","isPartOf":{"@id":"https:\/\/arsarte.pl\/#website"},"primaryImageOfPage":{"@id":"https:\/\/arsarte.pl\/index.php\/pierwsza-komunia-swieta\/#primaryimage"},"image":{"@id":"https:\/\/arsarte.pl\/index.php\/pierwsza-komunia-swieta\/#primaryimage"},"thumbnailUrl":"https:\/\/arsarte.pl\/wp-content\/uploads\/2025\/10\/1.png","datePublished":"2025-10-05T15:43:54+00:00","dateModified":"2025-10-05T16:57:53+00:00","description":"Ars Arte \u2013 alby i sukienki komunijne szyte na miar\u0119 w Jeleniej G\u00f3rze. Obs\u0142uga Ca\u0142ych Grup, wianki, \u015bwiece i wszystkie dodatki do Pierwszej Komunii \u015awi\u0119tej.","breadcrumb":{"@id":"https:\/\/arsarte.pl\/index.php\/pierwsza-komunia-swieta\/#breadcrumb"},"inLanguage":"pl-PL","potentialAction":[{"@type":"ReadAction","target":["https:\/\/arsarte.pl\/index.php\/pierwsza-komunia-swieta\/"]}]},{"@type":"ImageObject","inLanguage":"pl-PL","@id":"https:\/\/arsarte.pl\/index.php\/pierwsza-komunia-swieta\/#primaryimage","url":"https:\/\/i0.wp.com\/arsarte.pl\/wp-content\/uploads\/2025\/10\/1.png?fit=1024%2C1024&ssl=1","contentUrl":"https:\/\/i0.wp.com\/arsarte.pl\/wp-content\/uploads\/2025\/10\/1.png?fit=1024%2C1024&ssl=1","width":1024,"height":1024},{"@type":"BreadcrumbList","@id":"https:\/\/arsarte.pl\/index.php\/pierwsza-komunia-swieta\/#breadcrumb","itemListElement":[{"@type":"ListItem","position":1,"name":"Strona g\u0142\u00f3wna","item":"https:\/\/arsarte.pl\/"},{"@type":"ListItem","position":2,"name":"PIERWSZA KOMUNIA \u015aWI\u0118TA"}]},{"@type":"WebSite","@id":"https:\/\/arsarte.pl\/#website","url":"https:\/\/arsarte.pl\/","name":"ARS ARTE","description":"Sklep Dewocjonalia Pami\u0105tki Jelenia G\u00f3ra","publisher":{"@id":"https:\/\/arsarte.pl\/#organization"},"potentialAction":[{"@type":"SearchAction","target":{"@type":"EntryPoint","urlTemplate":"https:\/\/arsarte.pl\/?s={search_term_string}"},"query-input":{"@type":"PropertyValueSpecification","valueRequired":true,"valueName":"search_term_string"}}],"inLanguage":"pl-PL"},{"@type":"Organization","@id":"https:\/\/arsarte.pl\/#organization","name":"SKLEP ARS ARTE","url":"https:\/\/arsarte.pl\/","logo":{"@type":"ImageObject","inLanguage":"pl-PL","@id":"https:\/\/arsarte.pl\/#\/schema\/logo\/image\/","url":"https:\/\/i0.wp.com\/arsarte.pl\/wp-content\/uploads\/2021\/11\/4-scaled-e1638294691986.jpg?fit=2560%2C1068&ssl=1","contentUrl":"https:\/\/i0.wp.com\/arsarte.pl\/wp-content\/uploads\/2021\/11\/4-scaled-e1638294691986.jpg?fit=2560%2C1068&ssl=1","width":2560,"height":1068,"caption":"SKLEP ARS ARTE"},"image":{"@id":"https:\/\/arsarte.pl\/#\/schema\/logo\/image\/"}}]}},"jetpack_sharing_enabled":true,"jetpack_shortlink":"https:\/\/wp.me\/P9ghFh-a6","jetpack_likes_enabled":true,"jetpack-related-posts":[],"_links":{"self":[{"href":"https:\/\/arsarte.pl\/index.php\/wp-json\/wp\/v2\/pages\/626","targetHints":{"allow":["GET"]}}],"collection":[{"href":"https:\/\/arsarte.pl\/index.php\/wp-json\/wp\/v2\/pages"}],"about":[{"href":"https:\/\/arsarte.pl\/index.php\/wp-json\/wp\/v2\/types\/page"}],"author":[{"embeddable":true,"href":"https:\/\/arsarte.pl\/index.php\/wp-json\/wp\/v2\/users\/1"}],"replies":[{"embeddable":true,"href":"https:\/\/arsarte.pl\/index.php\/wp-json\/wp\/v2\/comments?post=626"}],"version-history":[{"count":10,"href":"https:\/\/arsarte.pl\/index.php\/wp-json\/wp\/v2\/pages\/626\/revisions"}],"predecessor-version":[{"id":651,"href":"https:\/\/arsarte.pl\/index.php\/wp-json\/wp\/v2\/pages\/626\/revisions\/651"}],"wp:attachment":[{"href":"https:\/\/arsarte.pl\/index.php\/wp-json\/wp\/v2\/media?parent=626"}],"curies":[{"name":"wp","href":"https:\/\/api.w.org\/{rel}","templated":true}]}}