{"id":57,"date":"2017-10-09T17:35:12","date_gmt":"2017-10-09T17:35:12","guid":{"rendered":"http:\/\/arsarte.pl\/?page_id=57"},"modified":"2025-10-05T17:25:19","modified_gmt":"2025-10-05T17:25:19","slug":"o-nas","status":"publish","type":"page","link":"https:\/\/arsarte.pl\/index.php\/o-nas\/","title":{"rendered":"O NAS"},"content":{"rendered":"<p>Jeste\u015bmy star\u0105 rodzinna firm\u0105<\/p>\n<p>Z tradycj\u0105 i zasadami<\/p>\n<p>Posiadamy wieloletnie do\u015bwiadczenie<\/p>\n<p>Zapewniamy mi\u0142\u0105 i profesjonaln\u0105 obs\u0142ug\u0119<\/p>\n<p>Zawsze mamy dla Ciebie tyle czasu ile potrzebujesz<\/p>\n<p>U nas liczysz si\u0119 przede wszystkim Ty jako klient i Twoje zadowolenie<\/p>\n<p>W Jeleniej G\u00f3rze obs\u0142ugujemy naszych klient\u00f3w od 1960 roku.<\/p>\n<p>Serdecznie zapraszamy<\/p>\n","protected":false},"excerpt":{"rendered":"<p>Jeste\u015bmy star\u0105 rodzinna firm\u0105 Z tradycj\u0105 i zasadami Posiadamy wieloletnie do\u015bwiadczenie Zapewniamy mi\u0142\u0105 i profesjonaln\u0105 obs\u0142ug\u0119 Zawsze mamy dla Ciebie&hellip;<\/p>\n","protected":false},"author":1,"featured_media":0,"parent":0,"menu_order":0,"comment_status":"closed","ping_status":"closed","template":"","meta":{"jetpack_post_was_ever_published":false,"footnotes":""},"class_list":["post-57","page","type-page","status-publish","hentry"],"yoast_head":"<!-- This site is optimized with the Yoast SEO plugin v27.4 - https:\/\/yoast.com\/product\/yoast-seo-wordpress\/ -->\n<title>O NAS - ARS ARTE<\/title>\n<meta name=\"description\" content=\"Sklep Ars Arte \u2013 Jelenia G\u00f3ra. Alby komunijne dla grup szyte na miar\u0119, dewocjonalia, pami\u0105tki, z\u0142oto, srebro. Tradycja i do\u015bwiadczenie.\" \/>\n<meta name=\"robots\" content=\"index, follow, max-snippet:-1, max-image-preview:large, max-video-preview:-1\" \/>\n<link rel=\"canonical\" href=\"https:\/\/arsarte.pl\/index.php\/o-nas\/\" \/>\n<meta property=\"og:locale\" content=\"pl_PL\" \/>\n<meta property=\"og:type\" content=\"article\" \/>\n<meta property=\"og:title\" content=\"O NAS - ARS ARTE\" \/>\n<meta property=\"og:description\" content=\"Sklep Ars Arte \u2013 Jelenia G\u00f3ra. Alby komunijne dla grup szyte na miar\u0119, dewocjonalia, pami\u0105tki, z\u0142oto, srebro. Tradycja i do\u015bwiadczenie.\" \/>\n<meta property=\"og:url\" content=\"https:\/\/arsarte.pl\/index.php\/o-nas\/\" \/>\n<meta property=\"og:site_name\" content=\"ARS ARTE\" \/>\n<meta property=\"article:modified_time\" content=\"2025-10-05T17:25:19+00:00\" \/>\n<meta name=\"twitter:card\" content=\"summary_large_image\" \/>\n<meta name=\"twitter:label1\" content=\"Szacowany czas czytania\" \/>\n\t<meta name=\"twitter:data1\" content=\"1 minuta\" \/>\n<script type=\"application\/ld+json\" class=\"yoast-schema-graph\">{\"@context\":\"https:\\\/\\\/schema.org\",\"@graph\":[{\"@type\":\"WebPage\",\"@id\":\"https:\\\/\\\/arsarte.pl\\\/index.php\\\/o-nas\\\/\",\"url\":\"https:\\\/\\\/arsarte.pl\\\/index.php\\\/o-nas\\\/\",\"name\":\"O NAS - ARS ARTE\",\"isPartOf\":{\"@id\":\"https:\\\/\\\/arsarte.pl\\\/#website\"},\"datePublished\":\"2017-10-09T17:35:12+00:00\",\"dateModified\":\"2025-10-05T17:25:19+00:00\",\"description\":\"Sklep Ars Arte \u2013 Jelenia G\u00f3ra. Alby komunijne dla grup szyte na miar\u0119, dewocjonalia, pami\u0105tki, z\u0142oto, srebro. Tradycja i do\u015bwiadczenie.\",\"breadcrumb\":{\"@id\":\"https:\\\/\\\/arsarte.pl\\\/index.php\\\/o-nas\\\/#breadcrumb\"},\"inLanguage\":\"pl-PL\",\"potentialAction\":[{\"@type\":\"ReadAction\",\"target\":[\"https:\\\/\\\/arsarte.pl\\\/index.php\\\/o-nas\\\/\"]}]},{\"@type\":\"BreadcrumbList\",\"@id\":\"https:\\\/\\\/arsarte.pl\\\/index.php\\\/o-nas\\\/#breadcrumb\",\"itemListElement\":[{\"@type\":\"ListItem\",\"position\":1,\"name\":\"Strona g\u0142\u00f3wna\",\"item\":\"https:\\\/\\\/arsarte.pl\\\/\"},{\"@type\":\"ListItem\",\"position\":2,\"name\":\"O NAS\"}]},{\"@type\":\"WebSite\",\"@id\":\"https:\\\/\\\/arsarte.pl\\\/#website\",\"url\":\"https:\\\/\\\/arsarte.pl\\\/\",\"name\":\"ARS ARTE\",\"description\":\"Sklep Dewocjonalia Pami\u0105tki Jelenia G\u00f3ra\",\"publisher\":{\"@id\":\"https:\\\/\\\/arsarte.pl\\\/#organization\"},\"potentialAction\":[{\"@type\":\"SearchAction\",\"target\":{\"@type\":\"EntryPoint\",\"urlTemplate\":\"https:\\\/\\\/arsarte.pl\\\/?s={search_term_string}\"},\"query-input\":{\"@type\":\"PropertyValueSpecification\",\"valueRequired\":true,\"valueName\":\"search_term_string\"}}],\"inLanguage\":\"pl-PL\"},{\"@type\":\"Organization\",\"@id\":\"https:\\\/\\\/arsarte.pl\\\/#organization\",\"name\":\"SKLEP ARS ARTE\",\"url\":\"https:\\\/\\\/arsarte.pl\\\/\",\"logo\":{\"@type\":\"ImageObject\",\"inLanguage\":\"pl-PL\",\"@id\":\"https:\\\/\\\/arsarte.pl\\\/#\\\/schema\\\/logo\\\/image\\\/\",\"url\":\"https:\\\/\\\/i0.wp.com\\\/arsarte.pl\\\/wp-content\\\/uploads\\\/2021\\\/11\\\/4-scaled-e1638294691986.jpg?fit=2560%2C1068&ssl=1\",\"contentUrl\":\"https:\\\/\\\/i0.wp.com\\\/arsarte.pl\\\/wp-content\\\/uploads\\\/2021\\\/11\\\/4-scaled-e1638294691986.jpg?fit=2560%2C1068&ssl=1\",\"width\":2560,\"height\":1068,\"caption\":\"SKLEP ARS ARTE\"},\"image\":{\"@id\":\"https:\\\/\\\/arsarte.pl\\\/#\\\/schema\\\/logo\\\/image\\\/\"}}]}<\/script>\n<!-- \/ Yoast SEO plugin. -->","yoast_head_json":{"title":"O NAS - ARS ARTE","description":"Sklep Ars Arte \u2013 Jelenia G\u00f3ra. Alby komunijne dla grup szyte na miar\u0119, dewocjonalia, pami\u0105tki, z\u0142oto, srebro. Tradycja i do\u015bwiadczenie.","robots":{"index":"index","follow":"follow","max-snippet":"max-snippet:-1","max-image-preview":"max-image-preview:large","max-video-preview":"max-video-preview:-1"},"canonical":"https:\/\/arsarte.pl\/index.php\/o-nas\/","og_locale":"pl_PL","og_type":"article","og_title":"O NAS - ARS ARTE","og_description":"Sklep Ars Arte \u2013 Jelenia G\u00f3ra. Alby komunijne dla grup szyte na miar\u0119, dewocjonalia, pami\u0105tki, z\u0142oto, srebro. Tradycja i do\u015bwiadczenie.","og_url":"https:\/\/arsarte.pl\/index.php\/o-nas\/","og_site_name":"ARS ARTE","article_modified_time":"2025-10-05T17:25:19+00:00","twitter_card":"summary_large_image","twitter_misc":{"Szacowany czas czytania":"1 minuta"},"schema":{"@context":"https:\/\/schema.org","@graph":[{"@type":"WebPage","@id":"https:\/\/arsarte.pl\/index.php\/o-nas\/","url":"https:\/\/arsarte.pl\/index.php\/o-nas\/","name":"O NAS - ARS ARTE","isPartOf":{"@id":"https:\/\/arsarte.pl\/#website"},"datePublished":"2017-10-09T17:35:12+00:00","dateModified":"2025-10-05T17:25:19+00:00","description":"Sklep Ars Arte \u2013 Jelenia G\u00f3ra. Alby komunijne dla grup szyte na miar\u0119, dewocjonalia, pami\u0105tki, z\u0142oto, srebro. Tradycja i do\u015bwiadczenie.","breadcrumb":{"@id":"https:\/\/arsarte.pl\/index.php\/o-nas\/#breadcrumb"},"inLanguage":"pl-PL","potentialAction":[{"@type":"ReadAction","target":["https:\/\/arsarte.pl\/index.php\/o-nas\/"]}]},{"@type":"BreadcrumbList","@id":"https:\/\/arsarte.pl\/index.php\/o-nas\/#breadcrumb","itemListElement":[{"@type":"ListItem","position":1,"name":"Strona g\u0142\u00f3wna","item":"https:\/\/arsarte.pl\/"},{"@type":"ListItem","position":2,"name":"O NAS"}]},{"@type":"WebSite","@id":"https:\/\/arsarte.pl\/#website","url":"https:\/\/arsarte.pl\/","name":"ARS ARTE","description":"Sklep Dewocjonalia Pami\u0105tki Jelenia G\u00f3ra","publisher":{"@id":"https:\/\/arsarte.pl\/#organization"},"potentialAction":[{"@type":"SearchAction","target":{"@type":"EntryPoint","urlTemplate":"https:\/\/arsarte.pl\/?s={search_term_string}"},"query-input":{"@type":"PropertyValueSpecification","valueRequired":true,"valueName":"search_term_string"}}],"inLanguage":"pl-PL"},{"@type":"Organization","@id":"https:\/\/arsarte.pl\/#organization","name":"SKLEP ARS ARTE","url":"https:\/\/arsarte.pl\/","logo":{"@type":"ImageObject","inLanguage":"pl-PL","@id":"https:\/\/arsarte.pl\/#\/schema\/logo\/image\/","url":"https:\/\/i0.wp.com\/arsarte.pl\/wp-content\/uploads\/2021\/11\/4-scaled-e1638294691986.jpg?fit=2560%2C1068&ssl=1","contentUrl":"https:\/\/i0.wp.com\/arsarte.pl\/wp-content\/uploads\/2021\/11\/4-scaled-e1638294691986.jpg?fit=2560%2C1068&ssl=1","width":2560,"height":1068,"caption":"SKLEP ARS ARTE"},"image":{"@id":"https:\/\/arsarte.pl\/#\/schema\/logo\/image\/"}}]}},"jetpack_sharing_enabled":true,"jetpack_shortlink":"https:\/\/wp.me\/P9ghFh-V","jetpack_likes_enabled":true,"jetpack-related-posts":[],"_links":{"self":[{"href":"https:\/\/arsarte.pl\/index.php\/wp-json\/wp\/v2\/pages\/57","targetHints":{"allow":["GET"]}}],"collection":[{"href":"https:\/\/arsarte.pl\/index.php\/wp-json\/wp\/v2\/pages"}],"about":[{"href":"https:\/\/arsarte.pl\/index.php\/wp-json\/wp\/v2\/types\/page"}],"author":[{"embeddable":true,"href":"https:\/\/arsarte.pl\/index.php\/wp-json\/wp\/v2\/users\/1"}],"replies":[{"embeddable":true,"href":"https:\/\/arsarte.pl\/index.php\/wp-json\/wp\/v2\/comments?post=57"}],"version-history":[{"count":7,"href":"https:\/\/arsarte.pl\/index.php\/wp-json\/wp\/v2\/pages\/57\/revisions"}],"predecessor-version":[{"id":120,"href":"https:\/\/arsarte.pl\/index.php\/wp-json\/wp\/v2\/pages\/57\/revisions\/120"}],"wp:attachment":[{"href":"https:\/\/arsarte.pl\/index.php\/wp-json\/wp\/v2\/media?parent=57"}],"curies":[{"name":"wp","href":"https:\/\/api.w.org\/{rel}","templated":true}]}}