{"id":53,"date":"2017-10-09T17:23:49","date_gmt":"2017-10-09T17:23:49","guid":{"rendered":"http:\/\/arsarte.pl\/?page_id=53"},"modified":"2025-10-08T10:46:02","modified_gmt":"2025-10-08T10:46:02","slug":"kontakt","status":"publish","type":"page","link":"https:\/\/arsarte.pl\/index.php\/kontakt\/","title":{"rendered":"KONTAKT"},"content":{"rendered":"<p>ARS ARTE<\/p>\n<p>ul. Sebastiana Klonowica 6, 58-500 JELENIA G\u00d3RA<\/p>\n<p>tel. <a href=\"tel:+48757525785\">+48757525785<\/a> tel. <a href=\"tel:+48884607976\">+48884607976<\/a><\/p>\n<p>NIP: 6112298255<\/p>\n<p>SKLEP CZYNNY:<br \/>Poniedzia\u0142ek &#8211; Pi\u0105tek: 10:00 &#8211; 17:00<br \/>Sobota: 10:00 &#8211; 13:00<\/p>\n\n\n<p><\/p>\n","protected":false},"excerpt":{"rendered":"<p>ARS ARTE ul. Sebastiana Klonowica 6, 58-500 JELENIA G\u00d3RA tel. +48757525785 tel. +48884607976 NIP: 6112298255 SKLEP CZYNNY:Poniedzia\u0142ek &#8211; Pi\u0105tek: 10:00&hellip;<\/p>\n","protected":false},"author":1,"featured_media":0,"parent":0,"menu_order":0,"comment_status":"closed","ping_status":"closed","template":"","meta":{"jetpack_post_was_ever_published":false,"footnotes":""},"class_list":["post-53","page","type-page","status-publish","hentry"],"yoast_head":"<!-- This site is optimized with the Yoast SEO plugin v27.4 - https:\/\/yoast.com\/product\/yoast-seo-wordpress\/ -->\n<title>KONTAKT - ARS ARTE<\/title>\n<meta name=\"description\" content=\"Kontakt Ars Arte \u2013 sklep dewocjonalia, pami\u0105tki w Jeleniej G\u00f3rze. Telefon, e-mail, godziny otwarcia i lokalizacja.\" \/>\n<meta name=\"robots\" content=\"index, follow, max-snippet:-1, max-image-preview:large, max-video-preview:-1\" \/>\n<link rel=\"canonical\" href=\"https:\/\/arsarte.pl\/index.php\/kontakt\/\" \/>\n<meta property=\"og:locale\" content=\"pl_PL\" \/>\n<meta property=\"og:type\" content=\"article\" \/>\n<meta property=\"og:title\" content=\"KONTAKT - ARS ARTE\" \/>\n<meta property=\"og:description\" content=\"Kontakt Ars Arte \u2013 sklep dewocjonalia, pami\u0105tki w Jeleniej G\u00f3rze. Telefon, e-mail, godziny otwarcia i lokalizacja.\" \/>\n<meta property=\"og:url\" content=\"https:\/\/arsarte.pl\/index.php\/kontakt\/\" \/>\n<meta property=\"og:site_name\" content=\"ARS ARTE\" \/>\n<meta property=\"article:modified_time\" content=\"2025-10-08T10:46:02+00:00\" \/>\n<meta name=\"twitter:card\" content=\"summary_large_image\" \/>\n<meta name=\"twitter:label1\" content=\"Szacowany czas czytania\" \/>\n\t<meta name=\"twitter:data1\" content=\"1 minuta\" \/>\n<script type=\"application\/ld+json\" class=\"yoast-schema-graph\">{\"@context\":\"https:\\\/\\\/schema.org\",\"@graph\":[{\"@type\":\"WebPage\",\"@id\":\"https:\\\/\\\/arsarte.pl\\\/index.php\\\/kontakt\\\/\",\"url\":\"https:\\\/\\\/arsarte.pl\\\/index.php\\\/kontakt\\\/\",\"name\":\"KONTAKT - ARS ARTE\",\"isPartOf\":{\"@id\":\"https:\\\/\\\/arsarte.pl\\\/#website\"},\"datePublished\":\"2017-10-09T17:23:49+00:00\",\"dateModified\":\"2025-10-08T10:46:02+00:00\",\"description\":\"Kontakt Ars Arte \u2013 sklep dewocjonalia, pami\u0105tki w Jeleniej G\u00f3rze. Telefon, e-mail, godziny otwarcia i lokalizacja.\",\"breadcrumb\":{\"@id\":\"https:\\\/\\\/arsarte.pl\\\/index.php\\\/kontakt\\\/#breadcrumb\"},\"inLanguage\":\"pl-PL\",\"potentialAction\":[{\"@type\":\"ReadAction\",\"target\":[\"https:\\\/\\\/arsarte.pl\\\/index.php\\\/kontakt\\\/\"]}]},{\"@type\":\"BreadcrumbList\",\"@id\":\"https:\\\/\\\/arsarte.pl\\\/index.php\\\/kontakt\\\/#breadcrumb\",\"itemListElement\":[{\"@type\":\"ListItem\",\"position\":1,\"name\":\"Strona g\u0142\u00f3wna\",\"item\":\"https:\\\/\\\/arsarte.pl\\\/\"},{\"@type\":\"ListItem\",\"position\":2,\"name\":\"KONTAKT\"}]},{\"@type\":\"WebSite\",\"@id\":\"https:\\\/\\\/arsarte.pl\\\/#website\",\"url\":\"https:\\\/\\\/arsarte.pl\\\/\",\"name\":\"ARS ARTE\",\"description\":\"Sklep Dewocjonalia Pami\u0105tki Jelenia G\u00f3ra\",\"publisher\":{\"@id\":\"https:\\\/\\\/arsarte.pl\\\/#organization\"},\"potentialAction\":[{\"@type\":\"SearchAction\",\"target\":{\"@type\":\"EntryPoint\",\"urlTemplate\":\"https:\\\/\\\/arsarte.pl\\\/?s={search_term_string}\"},\"query-input\":{\"@type\":\"PropertyValueSpecification\",\"valueRequired\":true,\"valueName\":\"search_term_string\"}}],\"inLanguage\":\"pl-PL\"},{\"@type\":\"Organization\",\"@id\":\"https:\\\/\\\/arsarte.pl\\\/#organization\",\"name\":\"SKLEP ARS ARTE\",\"url\":\"https:\\\/\\\/arsarte.pl\\\/\",\"logo\":{\"@type\":\"ImageObject\",\"inLanguage\":\"pl-PL\",\"@id\":\"https:\\\/\\\/arsarte.pl\\\/#\\\/schema\\\/logo\\\/image\\\/\",\"url\":\"https:\\\/\\\/i0.wp.com\\\/arsarte.pl\\\/wp-content\\\/uploads\\\/2021\\\/11\\\/4-scaled-e1638294691986.jpg?fit=2560%2C1068&ssl=1\",\"contentUrl\":\"https:\\\/\\\/i0.wp.com\\\/arsarte.pl\\\/wp-content\\\/uploads\\\/2021\\\/11\\\/4-scaled-e1638294691986.jpg?fit=2560%2C1068&ssl=1\",\"width\":2560,\"height\":1068,\"caption\":\"SKLEP ARS ARTE\"},\"image\":{\"@id\":\"https:\\\/\\\/arsarte.pl\\\/#\\\/schema\\\/logo\\\/image\\\/\"}}]}<\/script>\n<!-- \/ Yoast SEO plugin. -->","yoast_head_json":{"title":"KONTAKT - ARS ARTE","description":"Kontakt Ars Arte \u2013 sklep dewocjonalia, pami\u0105tki w Jeleniej G\u00f3rze. Telefon, e-mail, godziny otwarcia i lokalizacja.","robots":{"index":"index","follow":"follow","max-snippet":"max-snippet:-1","max-image-preview":"max-image-preview:large","max-video-preview":"max-video-preview:-1"},"canonical":"https:\/\/arsarte.pl\/index.php\/kontakt\/","og_locale":"pl_PL","og_type":"article","og_title":"KONTAKT - ARS ARTE","og_description":"Kontakt Ars Arte \u2013 sklep dewocjonalia, pami\u0105tki w Jeleniej G\u00f3rze. Telefon, e-mail, godziny otwarcia i lokalizacja.","og_url":"https:\/\/arsarte.pl\/index.php\/kontakt\/","og_site_name":"ARS ARTE","article_modified_time":"2025-10-08T10:46:02+00:00","twitter_card":"summary_large_image","twitter_misc":{"Szacowany czas czytania":"1 minuta"},"schema":{"@context":"https:\/\/schema.org","@graph":[{"@type":"WebPage","@id":"https:\/\/arsarte.pl\/index.php\/kontakt\/","url":"https:\/\/arsarte.pl\/index.php\/kontakt\/","name":"KONTAKT - ARS ARTE","isPartOf":{"@id":"https:\/\/arsarte.pl\/#website"},"datePublished":"2017-10-09T17:23:49+00:00","dateModified":"2025-10-08T10:46:02+00:00","description":"Kontakt Ars Arte \u2013 sklep dewocjonalia, pami\u0105tki w Jeleniej G\u00f3rze. Telefon, e-mail, godziny otwarcia i lokalizacja.","breadcrumb":{"@id":"https:\/\/arsarte.pl\/index.php\/kontakt\/#breadcrumb"},"inLanguage":"pl-PL","potentialAction":[{"@type":"ReadAction","target":["https:\/\/arsarte.pl\/index.php\/kontakt\/"]}]},{"@type":"BreadcrumbList","@id":"https:\/\/arsarte.pl\/index.php\/kontakt\/#breadcrumb","itemListElement":[{"@type":"ListItem","position":1,"name":"Strona g\u0142\u00f3wna","item":"https:\/\/arsarte.pl\/"},{"@type":"ListItem","position":2,"name":"KONTAKT"}]},{"@type":"WebSite","@id":"https:\/\/arsarte.pl\/#website","url":"https:\/\/arsarte.pl\/","name":"ARS ARTE","description":"Sklep Dewocjonalia Pami\u0105tki Jelenia G\u00f3ra","publisher":{"@id":"https:\/\/arsarte.pl\/#organization"},"potentialAction":[{"@type":"SearchAction","target":{"@type":"EntryPoint","urlTemplate":"https:\/\/arsarte.pl\/?s={search_term_string}"},"query-input":{"@type":"PropertyValueSpecification","valueRequired":true,"valueName":"search_term_string"}}],"inLanguage":"pl-PL"},{"@type":"Organization","@id":"https:\/\/arsarte.pl\/#organization","name":"SKLEP ARS ARTE","url":"https:\/\/arsarte.pl\/","logo":{"@type":"ImageObject","inLanguage":"pl-PL","@id":"https:\/\/arsarte.pl\/#\/schema\/logo\/image\/","url":"https:\/\/i0.wp.com\/arsarte.pl\/wp-content\/uploads\/2021\/11\/4-scaled-e1638294691986.jpg?fit=2560%2C1068&ssl=1","contentUrl":"https:\/\/i0.wp.com\/arsarte.pl\/wp-content\/uploads\/2021\/11\/4-scaled-e1638294691986.jpg?fit=2560%2C1068&ssl=1","width":2560,"height":1068,"caption":"SKLEP ARS ARTE"},"image":{"@id":"https:\/\/arsarte.pl\/#\/schema\/logo\/image\/"}}]}},"jetpack_sharing_enabled":true,"jetpack_shortlink":"https:\/\/wp.me\/P9ghFh-R","jetpack_likes_enabled":true,"jetpack-related-posts":[],"_links":{"self":[{"href":"https:\/\/arsarte.pl\/index.php\/wp-json\/wp\/v2\/pages\/53","targetHints":{"allow":["GET"]}}],"collection":[{"href":"https:\/\/arsarte.pl\/index.php\/wp-json\/wp\/v2\/pages"}],"about":[{"href":"https:\/\/arsarte.pl\/index.php\/wp-json\/wp\/v2\/types\/page"}],"author":[{"embeddable":true,"href":"https:\/\/arsarte.pl\/index.php\/wp-json\/wp\/v2\/users\/1"}],"replies":[{"embeddable":true,"href":"https:\/\/arsarte.pl\/index.php\/wp-json\/wp\/v2\/comments?post=53"}],"version-history":[{"count":14,"href":"https:\/\/arsarte.pl\/index.php\/wp-json\/wp\/v2\/pages\/53\/revisions"}],"predecessor-version":[{"id":657,"href":"https:\/\/arsarte.pl\/index.php\/wp-json\/wp\/v2\/pages\/53\/revisions\/657"}],"wp:attachment":[{"href":"https:\/\/arsarte.pl\/index.php\/wp-json\/wp\/v2\/media?parent=53"}],"curies":[{"name":"wp","href":"https:\/\/api.w.org\/{rel}","templated":true}]}}